{"id":317,"date":"2023-03-21T11:38:17","date_gmt":"2023-03-21T11:38:17","guid":{"rendered":"https:\/\/totuus.com.br\/?page_id=317"},"modified":"2023-03-21T11:59:22","modified_gmt":"2023-03-21T11:59:22","slug":"blog-totuus","status":"publish","type":"page","link":"https:\/\/totuus.com.br\/index.php\/blog-totuus\/","title":{"rendered":"Blog Totuus"},"content":{"rendered":"\n<p class=\"has-normal-font-size\">Ol\u00e1, caro leitor! Se voc\u00ea est\u00e1 procurando se manter atualizado sobre as \u00faltimas novidades no mundo de rastreamento e monitoramento, este artigo \u00e9 para voc\u00ea. Desde novas tecnologias at\u00e9 solu\u00e7\u00f5es avan\u00e7adas, vamos explorar as principais inova\u00e7\u00f5es e suas aplica\u00e7\u00f5es pr\u00e1ticas. Ent\u00e3o, vamos come\u00e7ar!<\/p>\n\n\n\n\n\n<p><\/p>\n\n\n<div  class=\"gutenverse guten-postblock postblock-type-1 guten-pagination-disable break-point-tablet post-element guten-Zgf58W\"  data-id=\"guten-Zgf58W\" data-settings=\"{&quot;elementId&quot;:&quot;guten-Zgf58W&quot;,&quot;numberPost&quot;:&quot;30&quot;,&quot;readmoreText&quot;:&quot;Leia Mais&quot;,&quot;inheritQuery&quot;:true,&quot;postType&quot;:&quot;post&quot;,&quot;postOffset&quot;:0,&quot;column&quot;:[],&quot;excludeCurrentPost&quot;:false,&quot;includePost&quot;:[],&quot;excludePost&quot;:[],&quot;includeCategory&quot;:[],&quot;excludeCategory&quot;:[],&quot;includeAuthor&quot;:[],&quot;includeTag&quot;:[],&quot;excludeTag&quot;:[],&quot;htmlTag&quot;:&quot;h3&quot;,&quot;categoryEnabled&quot;:true,&quot;categoryPosition&quot;:&quot;center&quot;,&quot;excerptEnabled&quot;:true,&quot;excerptLength&quot;:20,&quot;excerptMore&quot;:&quot;...&quot;,&quot;readmoreEnabled&quot;:true,&quot;readmoreIcon&quot;:&quot;fas fa-arrow-right&quot;,&quot;readmoreIconPosition&quot;:&quot;after&quot;,&quot;commentEnabled&quot;:false,&quot;commentIcon&quot;:&quot;fas fa-comment&quot;,&quot;commentIconPosition&quot;:&quot;before&quot;,&quot;metaEnabled&quot;:true,&quot;metaAuthorEnabled&quot;:true,&quot;metaAuthorByText&quot;:&quot;by&quot;,&quot;metaAuthorIcon&quot;:&quot;fas fa-user&quot;,&quot;metaAuthorIconPosition&quot;:&quot;before&quot;,&quot;metaDateEnabled&quot;:true,&quot;metaDateType&quot;:&quot;published&quot;,&quot;metaDateFormat&quot;:&quot;default&quot;,&quot;metaDateFormatCustom&quot;:&quot;&quot;,&quot;metaDateIcon&quot;:&quot;fas fa-clock&quot;,&quot;metaDateIconPosition&quot;:&quot;before&quot;,&quot;postblockType&quot;:&quot;type-1&quot;,&quot;breakpoint&quot;:&quot;tablet&quot;,&quot;noContentText&quot;:&quot;No Content&quot;,&quot;paginationMode&quot;:&quot;disable&quot;,&quot;paginationLoadmoreText&quot;:&quot;Load More&quot;,&quot;paginationLoadingText&quot;:&quot;Loading...&quot;,&quot;paginationNumberPost&quot;:3,&quot;paginationScrollLimit&quot;:0,&quot;paginationIcon&quot;:&quot;&quot;,&quot;paginationIconType&quot;:&quot;icon&quot;,&quot;paginationIconSVG&quot;:&quot;&quot;,&quot;paginationIconPosition&quot;:&quot;before&quot;,&quot;background&quot;:[],&quot;backgroundHover&quot;:[],&quot;animation&quot;:[],&quot;paginationPrevNextText&quot;:true,&quot;paginationPrevText&quot;:&quot;Prev&quot;,&quot;paginationNextText&quot;:&quot;Next&quot;,&quot;paginationPrevIcon&quot;:&quot;fas fa-chevron-left&quot;,&quot;paginationPrevIconType&quot;:&quot;icon&quot;,&quot;paginationNextIcon&quot;:&quot;fas fa-chevron-right&quot;,&quot;paginationNextIconType&quot;:&quot;icon&quot;,&quot;contentOrder&quot;:[{&quot;label&quot;:&quot;Title&quot;,&quot;value&quot;:&quot;title&quot;},{&quot;label&quot;:&quot;Meta&quot;,&quot;value&quot;:&quot;meta&quot;},{&quot;label&quot;:&quot;Excerpt&quot;,&quot;value&quot;:&quot;excerpt&quot;},{&quot;label&quot;:&quot;Read More&quot;,&quot;value&quot;:&quot;read&quot;}],&quot;paginationLoadmoreAnimation&quot;:&quot;&quot;,&quot;paginationLoadmoreAnimationSequence&quot;:&quot;&quot;,&quot;paged&quot;:1,&quot;class&quot;:null}\"><div class=\"guten-block-container\">\n            <div class=\"guten-posts guten-ajax-flag\">\n            <article class=\"guten-post post-336 post type-post status-publish format-standard has-post-thumbnail hentry category-video-telemetria tag-analisedevideo tag-automatizacaodefrota tag-automoveisconectados tag-bigdataveicular tag-conducaoassistida tag-eficienciaoperacional tag-frotadeveiculos tag-industriaautomobilistica tag-inovacaoautomotiva tag-machinelearningautomotivo tag-monitoramentoemtemporeal tag-monitoramentoporvideo tag-segurancanotransito tag-segurancaveicular tag-sensoriamentoremoto tag-tecnologiadetelemetria tag-tecnologiadetransporte tag-telemetriadevideo tag-videointeligente tag-videotelemetria\">\n                    <div class=\"guten-thumb\"><a aria-label=\"V\u00eddeo Telemetria\" href=\"javascript:void(0);\" data-href=\"https:\/\/totuus.com.br\/index.php\/2023\/09\/11\/video-telemetria\/\"><div class=\"thumbnail-container \">\n            <img fetchpriority=\"high\" decoding=\"async\" loading=\"eager\"  width=\"910\" height=\"634\" src=\"https:\/\/totuus.com.br\/wordpress\/wp-content\/uploads\/2023\/09\/Video_Telemetria.png\" class=\"attachment-full size-full wp-post-image\" alt=\"V\u00eddeo Telemetria\" srcset=\"https:\/\/totuus.com.br\/wordpress\/wp-content\/uploads\/2023\/09\/Video_Telemetria.png 910w, https:\/\/totuus.com.br\/wordpress\/wp-content\/uploads\/2023\/09\/Video_Telemetria-300x209.png 300w, https:\/\/totuus.com.br\/wordpress\/wp-content\/uploads\/2023\/09\/Video_Telemetria-768x535.png 768w\" sizes=\"(max-width: 910px) 100vw, 910px\" \/>\n\t\t\t<div class=\"guten-overlay\"><\/div>\n        <\/div><\/a><\/div>\n                    <div class=\"guten-postblock-content\"><div class=\"guten-post-category \"><span><a href=\"javascript:void(0);\" data-href=\"https:\/\/totuus.com.br\/index.php\/category\/video-telemetria\/\" aria-label=\"View all posts in V\u00eddeo Telemetria\" class=\"category-video-telemetria\">V\u00eddeo Telemetria<\/a><\/span><\/div><h3 class=\"guten-post-title\">\n\t\t\t\t\t\t\t<a aria-label=\"V\u00eddeo Telemetria\" href=\"javascript:void(0);\" data-href=\"https:\/\/totuus.com.br\/index.php\/2023\/09\/11\/video-telemetria\/\">V\u00eddeo Telemetria<\/a>\n\t\t\t\t\t\t<\/h3><div class=\"guten-post-meta\"><div class=\"guten-meta-author icon-position-before\"><i aria-hidden=\"true\" class=\"fas fa-user\"><\/i><span class=\"by\">by<\/span> <a href=\"javascript:void(0);\" data-href=\"https:\/\/totuus.com.br\/index.php\/author\/totuusadmin\/\" aria-label=\"Author admin\">admin<\/a><\/div><div class=\"guten-meta-date icon-position-before\"><i aria-hidden=\"true\" class=\"fas fa-clock\"><\/i>setembro 11, 2023<\/div><\/div><div class=\"guten-post-excerpt\"><p>Uma das tecnologias mais promissoras na \u00e1rea de telemetria \u00e9 a v\u00eddeo telemetria, que combina a captura de v\u00eddeo com&#8230;<\/p><\/div><div class=\"guten-post-meta-bottom\">\n\t\t\t\t\t\t\t<div class=\"guten-meta-readmore icon-position-after\">\n\t\t\t\t<a aria-label=\"Read more about V\u00eddeo Telemetria\" href=\"javascript:void(0);\" data-href=\"https:\/\/totuus.com.br\/index.php\/2023\/09\/11\/video-telemetria\/\" class=\"guten-readmore\">Leia Mais<i aria-hidden=\"true\" class=\"fas fa-arrow-right\"><\/i><span class=\"screen-reader-text\"> about V\u00eddeo Telemetria<\/span><\/a>\n\t\t\t<\/div>\n\t\t\t\t\t\t<\/div><\/div>\n                <\/article><article class=\"guten-post post-342 post type-post status-publish format-standard has-post-thumbnail hentry category-video-telemetria tag-analise-de-dados-veiculares tag-beneficios-da-telemetria tag-monitoramento-de-veiculos tag-preservacao-de-vidas tag-prevencao-de-acidentes tag-rastreamento-veicular tag-seguranca-no-transito tag-tecnologia-automotiva tag-telemetria-veicular\">\n                    <div class=\"guten-thumb\"><a aria-label=\"Como o Uso da Telemetria Pode Salvar Vidas\" href=\"javascript:void(0);\" data-href=\"https:\/\/totuus.com.br\/index.php\/2023\/06\/07\/como-o-uso-da-telemetria-pode-salvar-vidas\/\"><div class=\"thumbnail-container \">\n            <img decoding=\"async\" loading=\"eager\"  width=\"2560\" height=\"1707\" src=\"https:\/\/totuus.com.br\/wordpress\/wp-content\/uploads\/2023\/06\/Truck-scaled.jpg\" class=\"attachment-full size-full wp-post-image\" alt=\"\" srcset=\"https:\/\/totuus.com.br\/wordpress\/wp-content\/uploads\/2023\/06\/Truck-scaled.jpg 2560w, https:\/\/totuus.com.br\/wordpress\/wp-content\/uploads\/2023\/06\/Truck-300x200.jpg 300w, https:\/\/totuus.com.br\/wordpress\/wp-content\/uploads\/2023\/06\/Truck-1024x683.jpg 1024w, https:\/\/totuus.com.br\/wordpress\/wp-content\/uploads\/2023\/06\/Truck-768x512.jpg 768w, https:\/\/totuus.com.br\/wordpress\/wp-content\/uploads\/2023\/06\/Truck-1536x1024.jpg 1536w, https:\/\/totuus.com.br\/wordpress\/wp-content\/uploads\/2023\/06\/Truck-2048x1365.jpg 2048w\" sizes=\"(max-width: 2560px) 100vw, 2560px\" \/>\n\t\t\t<div class=\"guten-overlay\"><\/div>\n        <\/div><\/a><\/div>\n                    <div class=\"guten-postblock-content\"><div class=\"guten-post-category \"><span><a href=\"javascript:void(0);\" data-href=\"https:\/\/totuus.com.br\/index.php\/category\/video-telemetria\/\" aria-label=\"View all posts in V\u00eddeo Telemetria\" class=\"category-video-telemetria\">V\u00eddeo Telemetria<\/a><\/span><\/div><h3 class=\"guten-post-title\">\n\t\t\t\t\t\t\t<a aria-label=\"Como o Uso da Telemetria Pode Salvar Vidas\" href=\"javascript:void(0);\" data-href=\"https:\/\/totuus.com.br\/index.php\/2023\/06\/07\/como-o-uso-da-telemetria-pode-salvar-vidas\/\">Como o Uso da Telemetria Pode Salvar Vidas<\/a>\n\t\t\t\t\t\t<\/h3><div class=\"guten-post-meta\"><div class=\"guten-meta-author icon-position-before\"><i aria-hidden=\"true\" class=\"fas fa-user\"><\/i><span class=\"by\">by<\/span> <a href=\"javascript:void(0);\" data-href=\"https:\/\/totuus.com.br\/index.php\/author\/totuusadmin\/\" aria-label=\"Author admin\">admin<\/a><\/div><div class=\"guten-meta-date icon-position-before\"><i aria-hidden=\"true\" class=\"fas fa-clock\"><\/i>junho 7, 2023<\/div><\/div><div class=\"guten-post-excerpt\"><p>O progresso da tecnologia nos \u00faltimos anos tem redefinido a abordagem para salvar vidas. O uso de telemetria \u00e9 uma&#8230;<\/p><\/div><div class=\"guten-post-meta-bottom\">\n\t\t\t\t\t\t\t<div class=\"guten-meta-readmore icon-position-after\">\n\t\t\t\t<a aria-label=\"Read more about Como o Uso da Telemetria Pode Salvar Vidas\" href=\"javascript:void(0);\" data-href=\"https:\/\/totuus.com.br\/index.php\/2023\/06\/07\/como-o-uso-da-telemetria-pode-salvar-vidas\/\" class=\"guten-readmore\">Leia Mais<i aria-hidden=\"true\" class=\"fas fa-arrow-right\"><\/i><span class=\"screen-reader-text\"> about Como o Uso da Telemetria Pode Salvar Vidas<\/span><\/a>\n\t\t\t<\/div>\n\t\t\t\t\t\t<\/div><\/div>\n                <\/article><article class=\"guten-post post-330 post type-post status-publish format-standard has-post-thumbnail hentry category-controle-de-temperatura tag-camaras-frias tag-conservacao-de-alimentos tag-controle-de-temperatura tag-equipamentos tag-monitoramento tag-normas-de-seguranca-alimentar tag-regulacao-de-temperatura\">\n                    <div class=\"guten-thumb\"><a aria-label=\"A import\u00e2ncia do monitoramento de c\u00e2maras frias\" href=\"javascript:void(0);\" data-href=\"https:\/\/totuus.com.br\/index.php\/2023\/03\/21\/a-importancia-do-monitoramento-de-camaras-frias\/\"><div class=\"thumbnail-container \">\n            <img decoding=\"async\" loading=\"eager\"  width=\"766\" height=\"512\" src=\"https:\/\/totuus.com.br\/wordpress\/wp-content\/uploads\/2023\/03\/CamaraFria.png\" class=\"attachment-full size-full wp-post-image\" alt=\"\" srcset=\"https:\/\/totuus.com.br\/wordpress\/wp-content\/uploads\/2023\/03\/CamaraFria.png 766w, https:\/\/totuus.com.br\/wordpress\/wp-content\/uploads\/2023\/03\/CamaraFria-300x201.png 300w\" sizes=\"(max-width: 766px) 100vw, 766px\" \/>\n\t\t\t<div class=\"guten-overlay\"><\/div>\n        <\/div><\/a><\/div>\n                    <div class=\"guten-postblock-content\"><div class=\"guten-post-category \"><span><a href=\"javascript:void(0);\" data-href=\"https:\/\/totuus.com.br\/index.php\/category\/controle-de-temperatura\/\" aria-label=\"View all posts in Controle de Temperatura\" class=\"category-controle-de-temperatura\">Controle de Temperatura<\/a><\/span><\/div><h3 class=\"guten-post-title\">\n\t\t\t\t\t\t\t<a aria-label=\"A import\u00e2ncia do monitoramento de c\u00e2maras frias\" href=\"javascript:void(0);\" data-href=\"https:\/\/totuus.com.br\/index.php\/2023\/03\/21\/a-importancia-do-monitoramento-de-camaras-frias\/\">A import\u00e2ncia do monitoramento de c\u00e2maras frias<\/a>\n\t\t\t\t\t\t<\/h3><div class=\"guten-post-meta\"><div class=\"guten-meta-author icon-position-before\"><i aria-hidden=\"true\" class=\"fas fa-user\"><\/i><span class=\"by\">by<\/span> <a href=\"javascript:void(0);\" data-href=\"https:\/\/totuus.com.br\/index.php\/author\/totuusadmin\/\" aria-label=\"Author admin\">admin<\/a><\/div><div class=\"guten-meta-date icon-position-before\"><i aria-hidden=\"true\" class=\"fas fa-clock\"><\/i>mar\u00e7o 21, 2023<\/div><\/div><div class=\"guten-post-excerpt\"><p>O monitoramento de c\u00e2maras frias \u00e9 crucial para garantir a qualidade e seguran\u00e7a dos produtos armazenados. O controle de temperatura&#8230;<\/p><\/div><div class=\"guten-post-meta-bottom\">\n\t\t\t\t\t\t\t<div class=\"guten-meta-readmore icon-position-after\">\n\t\t\t\t<a aria-label=\"Read more about A import\u00e2ncia do monitoramento de c\u00e2maras frias\" href=\"javascript:void(0);\" data-href=\"https:\/\/totuus.com.br\/index.php\/2023\/03\/21\/a-importancia-do-monitoramento-de-camaras-frias\/\" class=\"guten-readmore\">Leia Mais<i aria-hidden=\"true\" class=\"fas fa-arrow-right\"><\/i><span class=\"screen-reader-text\"> about A import\u00e2ncia do monitoramento de c\u00e2maras frias<\/span><\/a>\n\t\t\t<\/div>\n\t\t\t\t\t\t<\/div><\/div>\n                <\/article><article class=\"guten-post post-295 post type-post status-publish format-standard has-post-thumbnail hentry category-economia tag-atendimento-ao-cliente tag-desempenho-dos-motoristas tag-desperdicios tag-eficiencia-operacional tag-frota-inteligente tag-gestao-de-frota tag-proatividade tag-rastreamento-veicular tag-reducao-de-custos tag-tempo-de-entrega\">\n                    <div class=\"guten-thumb\"><a aria-label=\"Gest\u00e3o de Frota Inteligente: Como o Rastreamento Veicular pode ajudar na Redu\u00e7\u00e3o de Custos de sua Empresa\" href=\"javascript:void(0);\" data-href=\"https:\/\/totuus.com.br\/index.php\/2023\/03\/18\/gestao-de-frota-inteligente-como-o-rastreamento-veicular-pode-ajudar-na-reducao-de-custos-de-sua-empresa\/\"><div class=\"thumbnail-container \">\n            <img decoding=\"async\" loading=\"eager\"  width=\"2560\" height=\"1707\" src=\"https:\/\/totuus.com.br\/wordpress\/wp-content\/uploads\/2023\/03\/fleetAI-scaled.jpg\" class=\"attachment-full size-full wp-post-image\" alt=\"\" srcset=\"https:\/\/totuus.com.br\/wordpress\/wp-content\/uploads\/2023\/03\/fleetAI-scaled.jpg 2560w, https:\/\/totuus.com.br\/wordpress\/wp-content\/uploads\/2023\/03\/fleetAI-300x200.jpg 300w, https:\/\/totuus.com.br\/wordpress\/wp-content\/uploads\/2023\/03\/fleetAI-1024x683.jpg 1024w, https:\/\/totuus.com.br\/wordpress\/wp-content\/uploads\/2023\/03\/fleetAI-768x512.jpg 768w, https:\/\/totuus.com.br\/wordpress\/wp-content\/uploads\/2023\/03\/fleetAI-1536x1024.jpg 1536w, https:\/\/totuus.com.br\/wordpress\/wp-content\/uploads\/2023\/03\/fleetAI-2048x1365.jpg 2048w\" sizes=\"(max-width: 2560px) 100vw, 2560px\" \/>\n\t\t\t<div class=\"guten-overlay\"><\/div>\n        <\/div><\/a><\/div>\n                    <div class=\"guten-postblock-content\"><div class=\"guten-post-category \"><span><a href=\"javascript:void(0);\" data-href=\"https:\/\/totuus.com.br\/index.php\/category\/economia\/\" aria-label=\"View all posts in Economia\" class=\"category-economia\">Economia<\/a><\/span><\/div><h3 class=\"guten-post-title\">\n\t\t\t\t\t\t\t<a aria-label=\"Gest\u00e3o de Frota Inteligente: Como o Rastreamento Veicular pode ajudar na Redu\u00e7\u00e3o de Custos de sua Empresa\" href=\"javascript:void(0);\" data-href=\"https:\/\/totuus.com.br\/index.php\/2023\/03\/18\/gestao-de-frota-inteligente-como-o-rastreamento-veicular-pode-ajudar-na-reducao-de-custos-de-sua-empresa\/\">Gest\u00e3o de Frota Inteligente: Como o Rastreamento Veicular pode ajudar na Redu\u00e7\u00e3o de Custos de sua Empresa<\/a>\n\t\t\t\t\t\t<\/h3><div class=\"guten-post-meta\"><div class=\"guten-meta-author icon-position-before\"><i aria-hidden=\"true\" class=\"fas fa-user\"><\/i><span class=\"by\">by<\/span> <a href=\"javascript:void(0);\" data-href=\"https:\/\/totuus.com.br\/index.php\/author\/totuusadmin\/\" aria-label=\"Author admin\">admin<\/a><\/div><div class=\"guten-meta-date icon-position-before\"><i aria-hidden=\"true\" class=\"fas fa-clock\"><\/i>mar\u00e7o 18, 2023<\/div><\/div><div class=\"guten-post-excerpt\"><p>Gest\u00e3o de frota inteligente \u00e9 uma abordagem fundamental para as empresas que querem se beneficiar da tecnologia e economizar nos&#8230;<\/p><\/div><div class=\"guten-post-meta-bottom\">\n\t\t\t\t\t\t\t<div class=\"guten-meta-readmore icon-position-after\">\n\t\t\t\t<a aria-label=\"Read more about Gest\u00e3o de Frota Inteligente: Como o Rastreamento Veicular pode ajudar na Redu\u00e7\u00e3o de Custos de sua Empresa\" href=\"javascript:void(0);\" data-href=\"https:\/\/totuus.com.br\/index.php\/2023\/03\/18\/gestao-de-frota-inteligente-como-o-rastreamento-veicular-pode-ajudar-na-reducao-de-custos-de-sua-empresa\/\" class=\"guten-readmore\">Leia Mais<i aria-hidden=\"true\" class=\"fas fa-arrow-right\"><\/i><span class=\"screen-reader-text\"> about Gest\u00e3o de Frota Inteligente: Como o Rastreamento Veicular pode ajudar na Redu\u00e7\u00e3o de Custos de sua Empresa<\/span><\/a>\n\t\t\t<\/div>\n\t\t\t\t\t\t<\/div><\/div>\n                <\/article>\n        <\/div>\n        <\/div><\/div>","protected":false},"excerpt":{"rendered":"<p>Ol\u00e1, caro leitor! Se voc\u00ea est\u00e1 procurando se manter atualizado sobre as \u00faltimas novidades no mundo de rastreamento e monitoramento, este artigo \u00e9 para voc\u00ea. Desde novas tecnologias at\u00e9 solu\u00e7\u00f5es avan\u00e7adas, vamos explorar as principais inova\u00e7\u00f5es e suas aplica\u00e7\u00f5es pr\u00e1ticas. Ent\u00e3o, vamos come\u00e7ar!<\/p>\n","protected":false},"author":1,"featured_media":0,"parent":0,"menu_order":0,"comment_status":"closed","ping_status":"closed","template":"","meta":{"_monsterinsights_skip_tracking":false,"_monsterinsights_sitenote_active":false,"_monsterinsights_sitenote_note":"","_monsterinsights_sitenote_category":0,"footnotes":""},"class_list":["post-317","page","type-page","status-publish","hentry"],"_links":{"self":[{"href":"https:\/\/totuus.com.br\/index.php\/wp-json\/wp\/v2\/pages\/317","targetHints":{"allow":["GET"]}}],"collection":[{"href":"https:\/\/totuus.com.br\/index.php\/wp-json\/wp\/v2\/pages"}],"about":[{"href":"https:\/\/totuus.com.br\/index.php\/wp-json\/wp\/v2\/types\/page"}],"author":[{"embeddable":true,"href":"https:\/\/totuus.com.br\/index.php\/wp-json\/wp\/v2\/users\/1"}],"replies":[{"embeddable":true,"href":"https:\/\/totuus.com.br\/index.php\/wp-json\/wp\/v2\/comments?post=317"}],"version-history":[{"count":7,"href":"https:\/\/totuus.com.br\/index.php\/wp-json\/wp\/v2\/pages\/317\/revisions"}],"predecessor-version":[{"id":327,"href":"https:\/\/totuus.com.br\/index.php\/wp-json\/wp\/v2\/pages\/317\/revisions\/327"}],"wp:attachment":[{"href":"https:\/\/totuus.com.br\/index.php\/wp-json\/wp\/v2\/media?parent=317"}],"curies":[{"name":"wp","href":"https:\/\/api.w.org\/{rel}","templated":true}]}}